{"id":744,"date":"2021-01-23T13:44:19","date_gmt":"2021-01-23T13:44:19","guid":{"rendered":"https:\/\/cercomat.com.ar\/?post_type=product&#038;p=744"},"modified":"2023-09-29T13:24:23","modified_gmt":"2023-09-29T13:24:23","slug":"inodoro-largo-capea-italiana-roca","status":"publish","type":"product","link":"https:\/\/cercomat.com.ar\/?product=inodoro-largo-capea-italiana-roca","title":{"rendered":"Inodoro Largo Capea Italiana Roca"},"content":{"rendered":"<p>FORMAS DE PAGO Y FACTURACI\u00d3N:<br \/>\n* Aceptamos efectivo\/ Transferencia\/ Dep\u00f3sito\/ Mercado Pago.<br \/>\n* Realizamos factura A y B de todos nuestros productos.<\/p>\n<p>_____________________________<\/p>\n<p>TIPO DE DESPACHO:<\/p>\n<p>[ENV\u00cdOS]<\/p>\n<p>\u2022 Mercado env\u00edos entrega a todo el pa\u00eds (\u00danicamente publicaciones que tengan mercado<br \/>\nenv\u00edos).<br \/>\n\u2022 Env\u00edos a Domicilio o transportes de CABA y GBA. ((((((CONSULTAR COSTO DE ENV\u00cdO))))))<br \/>\n\u2022 Para env\u00edos fuera de Buenos Aires. Se realiza a trav\u00e9s de alg\u00fan servicio de transporte \/<br \/>\nexpreso, en Capital Federal, contratado a cargo del cliente. Realiz\u00e1 la consulta para que<br \/>\npodamos cotizarte el env\u00edo y embalaje adicional hasta el transporte que nos indiques. No nos<br \/>\nresponsabilizamos por ning\u00fan desperfecto o rotura que pudiese surgir por el transporte de<br \/>\nmateriales delicados.<\/p>\n<p>[RETIRA EN SUCURSAL]<\/p>\n<p>\u2022 Los Polvorines: Retiro inmediato en caso de poseer stock del material, con aviso previo a<br \/>\nnuestro personal por mail o tel\u00e9fono. Lunes a Viernes 9 a 12hs y 15 a 18hs. S\u00e1bados: 9 a 12hs.<\/p>\n<p>_______________________________________<\/p>\n<p>[CAMBIOS\/RECLAMOS]<\/p>\n<p>\u2022 Es necesario para la devoluci\u00f3n\/cambio que el\/los productos est\u00e9n sin uso, en perfectas<br \/>\ncondiciones. Se deber\u00e1 conservar la factura y\/o remito de entrega. Los productos que hayan<br \/>\nsido instalados correr\u00e1n con la garant\u00eda del fabricante.<br \/>\n\u2022 En caso que anule la compra ya despachada deber\u00e1 abonar el costo de env\u00edo.<\/p>\n<p>__________________________________<\/p>\n<p>[CONSIDERACIONES GENERALES]<\/p>\n<p>\u2022 Revise los productos antes de firmar el remito de entrega. Una vez firmado, no se aceptan<br \/>\nreclamos por cajas rotas o faltantes.<br \/>\n\u2022 Recuerde que las entregas a domicilio se realizan siempre a pie de cami\u00f3n, Usted deber\u00e1<br \/>\ncontar con personal para la descarga del material.<br \/>\n\u2022 No nos hacemos responsables de las roturas ocasionadas durante los env\u00edos por medio del<br \/>\ncorreo OCA \/ ANDREANI \/ OCASA \/ CORREO ARGENTINO, encomiendas o transportes expresos.<br \/>\nQueda a cargo del comprador contratar o no los seguros que \u00e9stas empresas ofrecen.<\/p>\n<p>_______________________________________<\/p>\n<p>[NUESTRAS MARCAS]<\/p>\n<p>* CERAMICOS Y PORCELANATOS: Alberdi \/ Allpa \/ Lourdes \/ San Pietro \/ Maja<br \/>\n* ACCESORIOS: Cer\u00e1mica Piu \/ Maja<br \/>\n* SANITARIOS: Roca<br \/>\n* GRIFERIAS: Hidromet<\/p>\n<p>* ADHESIVOS: Mapei<\/p>\n<p>TRABAJAMOS CON 1RA Y 2DA CALIDAD EN PORCELANATOS Y CER\u00c1MICOS.<\/p>\n","protected":false},"excerpt":{"rendered":"<p>FORMAS DE PAGO Y FACTURACI\u00d3N: * Aceptamos efectivo\/ Transferencia\/ Dep\u00f3sito\/ Mercado Pago. * Realizamos factura A y B de todos&#8230;<\/p>\n","protected":false},"featured_media":745,"comment_status":"closed","ping_status":"closed","template":"","meta":{"_joinchat":[]},"product_brand":[],"product_cat":[19,59],"product_tag":[],"class_list":{"0":"post-744","1":"product","2":"type-product","3":"status-publish","4":"has-post-thumbnail","6":"product_cat-banos","7":"product_cat-sanitarios","9":"first","10":"instock","11":"shipping-taxable","12":"product-type-simple"},"yoast_head":"<!-- This site is optimized with the Yoast SEO plugin v27.4 - https:\/\/yoast.com\/product\/yoast-seo-wordpress\/ -->\n<title>Inodoro Largo Capea Italiana Roca - CERCOMAT<\/title>\n<meta name=\"description\" content=\"Inodoro Largo Capea Italiana Roca Cercomat Pisos Polvorines Jos\u00e9 C Paz San Miguel Gran Bourg Pilar Hogar Revestimientos\" \/>\n<meta name=\"robots\" content=\"index, follow, max-snippet:-1, max-image-preview:large, max-video-preview:-1\" \/>\n<link rel=\"canonical\" href=\"https:\/\/cercomat.com.ar\/?product=inodoro-largo-capea-italiana-roca\" \/>\n<meta property=\"og:locale\" content=\"es_ES\" \/>\n<meta property=\"og:type\" content=\"article\" \/>\n<meta property=\"og:title\" content=\"Inodoro Largo Capea Italiana Roca - CERCOMAT\" \/>\n<meta property=\"og:description\" content=\"Inodoro Largo Capea Italiana Roca Cercomat Pisos Polvorines Jos\u00e9 C Paz San Miguel Gran Bourg Pilar Hogar Revestimientos\" \/>\n<meta property=\"og:url\" content=\"https:\/\/cercomat.com.ar\/?product=inodoro-largo-capea-italiana-roca\" \/>\n<meta property=\"og:site_name\" content=\"CERCOMAT\" \/>\n<meta property=\"article:modified_time\" content=\"2023-09-29T13:24:23+00:00\" \/>\n<meta property=\"og:image\" content=\"https:\/\/cercomat.com.ar\/wp-content\/uploads\/2021\/01\/INODORO-CAPEA.jpg\" \/>\n\t<meta property=\"og:image:width\" content=\"960\" \/>\n\t<meta property=\"og:image:height\" content=\"720\" \/>\n\t<meta property=\"og:image:type\" content=\"image\/jpeg\" \/>\n<meta name=\"twitter:card\" content=\"summary_large_image\" \/>\n<meta name=\"twitter:label1\" content=\"Tiempo de lectura\" \/>\n\t<meta name=\"twitter:data1\" content=\"2 minutos\" \/>\n<script type=\"application\/ld+json\" class=\"yoast-schema-graph\">{\"@context\":\"https:\\\/\\\/schema.org\",\"@graph\":[{\"@type\":\"WebPage\",\"@id\":\"https:\\\/\\\/cercomat.com.ar\\\/?product=inodoro-largo-capea-italiana-roca\",\"url\":\"https:\\\/\\\/cercomat.com.ar\\\/?product=inodoro-largo-capea-italiana-roca\",\"name\":\"Inodoro Largo Capea Italiana Roca - CERCOMAT\",\"isPartOf\":{\"@id\":\"https:\\\/\\\/cercomat.com.ar\\\/#website\"},\"primaryImageOfPage\":{\"@id\":\"https:\\\/\\\/cercomat.com.ar\\\/?product=inodoro-largo-capea-italiana-roca#primaryimage\"},\"image\":{\"@id\":\"https:\\\/\\\/cercomat.com.ar\\\/?product=inodoro-largo-capea-italiana-roca#primaryimage\"},\"thumbnailUrl\":\"https:\\\/\\\/cercomat.com.ar\\\/wp-content\\\/uploads\\\/2021\\\/01\\\/INODORO-CAPEA.jpg\",\"datePublished\":\"2021-01-23T13:44:19+00:00\",\"dateModified\":\"2023-09-29T13:24:23+00:00\",\"description\":\"Inodoro Largo Capea Italiana Roca Cercomat Pisos Polvorines Jos\u00e9 C Paz San Miguel Gran Bourg Pilar Hogar Revestimientos\",\"breadcrumb\":{\"@id\":\"https:\\\/\\\/cercomat.com.ar\\\/?product=inodoro-largo-capea-italiana-roca#breadcrumb\"},\"inLanguage\":\"es\",\"potentialAction\":[{\"@type\":\"ReadAction\",\"target\":[\"https:\\\/\\\/cercomat.com.ar\\\/?product=inodoro-largo-capea-italiana-roca\"]}]},{\"@type\":\"ImageObject\",\"inLanguage\":\"es\",\"@id\":\"https:\\\/\\\/cercomat.com.ar\\\/?product=inodoro-largo-capea-italiana-roca#primaryimage\",\"url\":\"https:\\\/\\\/cercomat.com.ar\\\/wp-content\\\/uploads\\\/2021\\\/01\\\/INODORO-CAPEA.jpg\",\"contentUrl\":\"https:\\\/\\\/cercomat.com.ar\\\/wp-content\\\/uploads\\\/2021\\\/01\\\/INODORO-CAPEA.jpg\",\"width\":960,\"height\":720},{\"@type\":\"BreadcrumbList\",\"@id\":\"https:\\\/\\\/cercomat.com.ar\\\/?product=inodoro-largo-capea-italiana-roca#breadcrumb\",\"itemListElement\":[{\"@type\":\"ListItem\",\"position\":1,\"name\":\"Portada\",\"item\":\"https:\\\/\\\/cercomat.com.ar\\\/\"},{\"@type\":\"ListItem\",\"position\":2,\"name\":\"Tienda\",\"item\":\"https:\\\/\\\/cercomat.com.ar\\\/?page_id=9\"},{\"@type\":\"ListItem\",\"position\":3,\"name\":\"Inodoro Largo Capea Italiana Roca\"}]},{\"@type\":\"WebSite\",\"@id\":\"https:\\\/\\\/cercomat.com.ar\\\/#website\",\"url\":\"https:\\\/\\\/cercomat.com.ar\\\/\",\"name\":\"CERCOMAT\",\"description\":\"\",\"publisher\":{\"@id\":\"https:\\\/\\\/cercomat.com.ar\\\/#organization\"},\"potentialAction\":[{\"@type\":\"SearchAction\",\"target\":{\"@type\":\"EntryPoint\",\"urlTemplate\":\"https:\\\/\\\/cercomat.com.ar\\\/?s={search_term_string}\"},\"query-input\":{\"@type\":\"PropertyValueSpecification\",\"valueRequired\":true,\"valueName\":\"search_term_string\"}}],\"inLanguage\":\"es\"},{\"@type\":\"Organization\",\"@id\":\"https:\\\/\\\/cercomat.com.ar\\\/#organization\",\"name\":\"CERCOMAT\",\"url\":\"https:\\\/\\\/cercomat.com.ar\\\/\",\"logo\":{\"@type\":\"ImageObject\",\"inLanguage\":\"es\",\"@id\":\"https:\\\/\\\/cercomat.com.ar\\\/#\\\/schema\\\/logo\\\/image\\\/\",\"url\":\"https:\\\/\\\/cercomat.com.ar\\\/wp-content\\\/uploads\\\/2023\\\/04\\\/Instagram-Post-Restaurante-Comida-Negro-Naranja-2.jpg\",\"contentUrl\":\"https:\\\/\\\/cercomat.com.ar\\\/wp-content\\\/uploads\\\/2023\\\/04\\\/Instagram-Post-Restaurante-Comida-Negro-Naranja-2.jpg\",\"width\":1080,\"height\":1080,\"caption\":\"CERCOMAT\"},\"image\":{\"@id\":\"https:\\\/\\\/cercomat.com.ar\\\/#\\\/schema\\\/logo\\\/image\\\/\"}}]}<\/script>\n<!-- \/ Yoast SEO plugin. -->","yoast_head_json":{"title":"Inodoro Largo Capea Italiana Roca - CERCOMAT","description":"Inodoro Largo Capea Italiana Roca Cercomat Pisos Polvorines Jos\u00e9 C Paz San Miguel Gran Bourg Pilar Hogar Revestimientos","robots":{"index":"index","follow":"follow","max-snippet":"max-snippet:-1","max-image-preview":"max-image-preview:large","max-video-preview":"max-video-preview:-1"},"canonical":"https:\/\/cercomat.com.ar\/?product=inodoro-largo-capea-italiana-roca","og_locale":"es_ES","og_type":"article","og_title":"Inodoro Largo Capea Italiana Roca - CERCOMAT","og_description":"Inodoro Largo Capea Italiana Roca Cercomat Pisos Polvorines Jos\u00e9 C Paz San Miguel Gran Bourg Pilar Hogar Revestimientos","og_url":"https:\/\/cercomat.com.ar\/?product=inodoro-largo-capea-italiana-roca","og_site_name":"CERCOMAT","article_modified_time":"2023-09-29T13:24:23+00:00","og_image":[{"width":960,"height":720,"url":"https:\/\/cercomat.com.ar\/wp-content\/uploads\/2021\/01\/INODORO-CAPEA.jpg","type":"image\/jpeg"}],"twitter_card":"summary_large_image","twitter_misc":{"Tiempo de lectura":"2 minutos"},"schema":{"@context":"https:\/\/schema.org","@graph":[{"@type":"WebPage","@id":"https:\/\/cercomat.com.ar\/?product=inodoro-largo-capea-italiana-roca","url":"https:\/\/cercomat.com.ar\/?product=inodoro-largo-capea-italiana-roca","name":"Inodoro Largo Capea Italiana Roca - CERCOMAT","isPartOf":{"@id":"https:\/\/cercomat.com.ar\/#website"},"primaryImageOfPage":{"@id":"https:\/\/cercomat.com.ar\/?product=inodoro-largo-capea-italiana-roca#primaryimage"},"image":{"@id":"https:\/\/cercomat.com.ar\/?product=inodoro-largo-capea-italiana-roca#primaryimage"},"thumbnailUrl":"https:\/\/cercomat.com.ar\/wp-content\/uploads\/2021\/01\/INODORO-CAPEA.jpg","datePublished":"2021-01-23T13:44:19+00:00","dateModified":"2023-09-29T13:24:23+00:00","description":"Inodoro Largo Capea Italiana Roca Cercomat Pisos Polvorines Jos\u00e9 C Paz San Miguel Gran Bourg Pilar Hogar Revestimientos","breadcrumb":{"@id":"https:\/\/cercomat.com.ar\/?product=inodoro-largo-capea-italiana-roca#breadcrumb"},"inLanguage":"es","potentialAction":[{"@type":"ReadAction","target":["https:\/\/cercomat.com.ar\/?product=inodoro-largo-capea-italiana-roca"]}]},{"@type":"ImageObject","inLanguage":"es","@id":"https:\/\/cercomat.com.ar\/?product=inodoro-largo-capea-italiana-roca#primaryimage","url":"https:\/\/cercomat.com.ar\/wp-content\/uploads\/2021\/01\/INODORO-CAPEA.jpg","contentUrl":"https:\/\/cercomat.com.ar\/wp-content\/uploads\/2021\/01\/INODORO-CAPEA.jpg","width":960,"height":720},{"@type":"BreadcrumbList","@id":"https:\/\/cercomat.com.ar\/?product=inodoro-largo-capea-italiana-roca#breadcrumb","itemListElement":[{"@type":"ListItem","position":1,"name":"Portada","item":"https:\/\/cercomat.com.ar\/"},{"@type":"ListItem","position":2,"name":"Tienda","item":"https:\/\/cercomat.com.ar\/?page_id=9"},{"@type":"ListItem","position":3,"name":"Inodoro Largo Capea Italiana Roca"}]},{"@type":"WebSite","@id":"https:\/\/cercomat.com.ar\/#website","url":"https:\/\/cercomat.com.ar\/","name":"CERCOMAT","description":"","publisher":{"@id":"https:\/\/cercomat.com.ar\/#organization"},"potentialAction":[{"@type":"SearchAction","target":{"@type":"EntryPoint","urlTemplate":"https:\/\/cercomat.com.ar\/?s={search_term_string}"},"query-input":{"@type":"PropertyValueSpecification","valueRequired":true,"valueName":"search_term_string"}}],"inLanguage":"es"},{"@type":"Organization","@id":"https:\/\/cercomat.com.ar\/#organization","name":"CERCOMAT","url":"https:\/\/cercomat.com.ar\/","logo":{"@type":"ImageObject","inLanguage":"es","@id":"https:\/\/cercomat.com.ar\/#\/schema\/logo\/image\/","url":"https:\/\/cercomat.com.ar\/wp-content\/uploads\/2023\/04\/Instagram-Post-Restaurante-Comida-Negro-Naranja-2.jpg","contentUrl":"https:\/\/cercomat.com.ar\/wp-content\/uploads\/2023\/04\/Instagram-Post-Restaurante-Comida-Negro-Naranja-2.jpg","width":1080,"height":1080,"caption":"CERCOMAT"},"image":{"@id":"https:\/\/cercomat.com.ar\/#\/schema\/logo\/image\/"}}]}},"_links":{"self":[{"href":"https:\/\/cercomat.com.ar\/index.php?rest_route=\/wp\/v2\/product\/744","targetHints":{"allow":["GET"]}}],"collection":[{"href":"https:\/\/cercomat.com.ar\/index.php?rest_route=\/wp\/v2\/product"}],"about":[{"href":"https:\/\/cercomat.com.ar\/index.php?rest_route=\/wp\/v2\/types\/product"}],"replies":[{"embeddable":true,"href":"https:\/\/cercomat.com.ar\/index.php?rest_route=%2Fwp%2Fv2%2Fcomments&post=744"}],"version-history":[{"count":1,"href":"https:\/\/cercomat.com.ar\/index.php?rest_route=\/wp\/v2\/product\/744\/revisions"}],"predecessor-version":[{"id":746,"href":"https:\/\/cercomat.com.ar\/index.php?rest_route=\/wp\/v2\/product\/744\/revisions\/746"}],"wp:featuredmedia":[{"embeddable":true,"href":"https:\/\/cercomat.com.ar\/index.php?rest_route=\/wp\/v2\/media\/745"}],"wp:attachment":[{"href":"https:\/\/cercomat.com.ar\/index.php?rest_route=%2Fwp%2Fv2%2Fmedia&parent=744"}],"wp:term":[{"taxonomy":"product_brand","embeddable":true,"href":"https:\/\/cercomat.com.ar\/index.php?rest_route=%2Fwp%2Fv2%2Fproduct_brand&post=744"},{"taxonomy":"product_cat","embeddable":true,"href":"https:\/\/cercomat.com.ar\/index.php?rest_route=%2Fwp%2Fv2%2Fproduct_cat&post=744"},{"taxonomy":"product_tag","embeddable":true,"href":"https:\/\/cercomat.com.ar\/index.php?rest_route=%2Fwp%2Fv2%2Fproduct_tag&post=744"}],"curies":[{"name":"wp","href":"https:\/\/api.w.org\/{rel}","templated":true}]}}