{"id":657,"date":"2021-01-22T14:42:26","date_gmt":"2021-01-22T14:42:26","guid":{"rendered":"https:\/\/cercomat.com.ar\/?post_type=product&#038;p=657"},"modified":"2023-04-26T12:54:48","modified_gmt":"2023-04-26T12:54:48","slug":"griferia-cocina-jockey-black-recta-hidromet","status":"publish","type":"product","link":"https:\/\/cercomat.com.ar\/?product=griferia-cocina-jockey-black-recta-hidromet","title":{"rendered":"Grifer\u00eda Cocina Jockey Black Recta Hidromet"},"content":{"rendered":"<p>Grifer\u00eda: Cocina Jockey Black Recta Hidromet.<br \/>\nTerminaciones: Negro.<br \/>\nTecnolog\u00eda: Cierre Cer\u00e1mico.<br \/>\nIndustria: Argentina.<br \/>\nGarant\u00eda: 10 a\u00f1os.<\/p>\n<p>FORMAS DE PAGO Y FACTURACI\u00d3N:<br \/>\n* Aceptamos efectivo\/ Transferencia\/ Dep\u00f3sito\/ Mercado Pago.<br \/>\n* Realizamos factura A y B de todos nuestros productos.<\/p>\n<p>_____________________________<\/p>\n<p>TIPO DE DESPACHO:<\/p>\n<p>[ENV\u00cdOS]<\/p>\n<p>\u2022 Mercado env\u00edos entrega a todo el pa\u00eds (\u00danicamente publicaciones que tengan mercado<br \/>\nenv\u00edos).<br \/>\n\u2022 Env\u00edos a Domicilio o transportes de CABA y GBA. ((((((CONSULTAR COSTO DE ENV\u00cdO))))))<br \/>\n\u2022 Para env\u00edos fuera de Buenos Aires. Se realiza a trav\u00e9s de alg\u00fan servicio de transporte \/<br \/>\nexpreso, en Capital Federal, contratado a cargo del cliente. Realiz\u00e1 la consulta para que<br \/>\npodamos cotizarte el env\u00edo y embalaje adicional hasta el transporte que nos indiques. No nos<br \/>\nresponsabilizamos por ning\u00fan desperfecto o rotura que pudiese surgir por el transporte de<br \/>\nmateriales delicados.<\/p>\n<p>[RETIRA EN SUCURSAL]<\/p>\n<p>\u2022 Los Polvorines: Retiro inmediato en caso de poseer stock del material, con aviso previo a<br \/>\nnuestro personal por mail o tel\u00e9fono. Lunes a Viernes 9 a 12hs y 15 a 18hs. S\u00e1bados: 9 a 12hs.<\/p>\n<p>_______________________________________<\/p>\n<p>[CAMBIOS\/RECLAMOS]<\/p>\n<p>\u2022 Es necesario para la devoluci\u00f3n\/cambio que el\/los productos est\u00e9n sin uso, en perfectas<br \/>\ncondiciones. Se deber\u00e1 conservar la factura y\/o remito de entrega. Los productos que hayan<br \/>\nsido instalados correr\u00e1n con la garant\u00eda del fabricante.<br \/>\n\u2022 En caso que anule la compra ya despachada deber\u00e1 abonar el costo de env\u00edo.<\/p>\n<p>__________________________________<\/p>\n<p>[CONSIDERACIONES GENERALES]<\/p>\n<p>\u2022 Revise los productos antes de firmar el remito de entrega. Una vez firmado, no se aceptan<br \/>\nreclamos por cajas rotas o faltantes.<br \/>\n\u2022 Recuerde que las entregas a domicilio se realizan siempre a pie de cami\u00f3n, Usted deber\u00e1<br \/>\ncontar con personal para la descarga del material.<br \/>\n\u2022 No nos hacemos responsables de las roturas ocasionadas durante los env\u00edos por medio del<br \/>\ncorreo OCA \/ ANDREANI \/ OCASA \/ CORREO ARGENTINO, encomiendas o transportes expresos.<br \/>\nQueda a cargo del comprador contratar o no los seguros que \u00e9stas empresas ofrecen.<\/p>\n<p>_______________________________________<\/p>\n<p>[NUESTRAS MARCAS]<\/p>\n<p>* CERAMICOS Y PORCELANATOS: Alberdi \/ Allpa \/ Lourdes \/ San Pietro \/ Maja<br \/>\n* ACCESORIOS: Cer\u00e1mica Piu \/ Maja<br \/>\n* SANITARIOS: Roca<br \/>\n* GRIFERIAS: Hidromet<\/p>\n<p>* ADHESIVOS: Mapei<\/p>\n<p>TRABAJAMOS CON 1RA Y 2DA CALIDAD EN PORCELANATOS Y CER\u00c1MICOS<\/p>\n","protected":false},"excerpt":{"rendered":"<p>Grifer\u00eda: Cocina Jockey Black Recta Hidromet. Terminaciones: Negro. Tecnolog\u00eda: Cierre Cer\u00e1mico. Industria: Argentina. Garant\u00eda: 10 a\u00f1os. FORMAS DE PAGO Y&#8230;<\/p>\n","protected":false},"featured_media":658,"comment_status":"closed","ping_status":"closed","template":"","meta":{"_joinchat":[]},"product_brand":[],"product_cat":[20,18],"product_tag":[],"class_list":{"0":"post-657","1":"product","2":"type-product","3":"status-publish","4":"has-post-thumbnail","6":"product_cat-cocina","7":"product_cat-griferias","9":"first","10":"instock","11":"shipping-taxable","12":"product-type-simple"},"yoast_head":"<!-- This site is optimized with the Yoast SEO plugin v27.4 - https:\/\/yoast.com\/product\/yoast-seo-wordpress\/ -->\n<title>Grifer\u00eda Cocina Jockey Black Recta Hidromet - CERCOMAT<\/title>\n<meta name=\"description\" content=\"Grifer\u00eda Cocina Jockey Black Recta Hidromet Cercomat\" \/>\n<meta name=\"robots\" content=\"index, follow, max-snippet:-1, max-image-preview:large, max-video-preview:-1\" \/>\n<link rel=\"canonical\" href=\"https:\/\/cercomat.com.ar\/?product=griferia-cocina-jockey-black-recta-hidromet\" \/>\n<meta property=\"og:locale\" content=\"es_ES\" \/>\n<meta property=\"og:type\" content=\"article\" \/>\n<meta property=\"og:title\" content=\"Grifer\u00eda Cocina Jockey Black Recta Hidromet - CERCOMAT\" \/>\n<meta property=\"og:description\" content=\"Grifer\u00eda Cocina Jockey Black Recta Hidromet Cercomat\" \/>\n<meta property=\"og:url\" content=\"https:\/\/cercomat.com.ar\/?product=griferia-cocina-jockey-black-recta-hidromet\" \/>\n<meta property=\"og:site_name\" content=\"CERCOMAT\" \/>\n<meta property=\"article:modified_time\" content=\"2023-04-26T12:54:48+00:00\" \/>\n<meta property=\"og:image\" content=\"https:\/\/cercomat.com.ar\/wp-content\/uploads\/2021\/01\/6370NEGR-foto.jpg\" \/>\n\t<meta property=\"og:image:width\" content=\"720\" \/>\n\t<meta property=\"og:image:height\" content=\"960\" \/>\n\t<meta property=\"og:image:type\" content=\"image\/jpeg\" \/>\n<meta name=\"twitter:card\" content=\"summary_large_image\" \/>\n<meta name=\"twitter:label1\" content=\"Tiempo de lectura\" \/>\n\t<meta name=\"twitter:data1\" content=\"2 minutos\" \/>\n<script type=\"application\/ld+json\" class=\"yoast-schema-graph\">{\"@context\":\"https:\\\/\\\/schema.org\",\"@graph\":[{\"@type\":\"WebPage\",\"@id\":\"https:\\\/\\\/cercomat.com.ar\\\/?product=griferia-cocina-jockey-black-recta-hidromet\",\"url\":\"https:\\\/\\\/cercomat.com.ar\\\/?product=griferia-cocina-jockey-black-recta-hidromet\",\"name\":\"Grifer\u00eda Cocina Jockey Black Recta Hidromet - CERCOMAT\",\"isPartOf\":{\"@id\":\"https:\\\/\\\/cercomat.com.ar\\\/#website\"},\"primaryImageOfPage\":{\"@id\":\"https:\\\/\\\/cercomat.com.ar\\\/?product=griferia-cocina-jockey-black-recta-hidromet#primaryimage\"},\"image\":{\"@id\":\"https:\\\/\\\/cercomat.com.ar\\\/?product=griferia-cocina-jockey-black-recta-hidromet#primaryimage\"},\"thumbnailUrl\":\"https:\\\/\\\/cercomat.com.ar\\\/wp-content\\\/uploads\\\/2021\\\/01\\\/6370NEGR-foto.jpg\",\"datePublished\":\"2021-01-22T14:42:26+00:00\",\"dateModified\":\"2023-04-26T12:54:48+00:00\",\"description\":\"Grifer\u00eda Cocina Jockey Black Recta Hidromet Cercomat\",\"breadcrumb\":{\"@id\":\"https:\\\/\\\/cercomat.com.ar\\\/?product=griferia-cocina-jockey-black-recta-hidromet#breadcrumb\"},\"inLanguage\":\"es\",\"potentialAction\":[{\"@type\":\"ReadAction\",\"target\":[\"https:\\\/\\\/cercomat.com.ar\\\/?product=griferia-cocina-jockey-black-recta-hidromet\"]}]},{\"@type\":\"ImageObject\",\"inLanguage\":\"es\",\"@id\":\"https:\\\/\\\/cercomat.com.ar\\\/?product=griferia-cocina-jockey-black-recta-hidromet#primaryimage\",\"url\":\"https:\\\/\\\/cercomat.com.ar\\\/wp-content\\\/uploads\\\/2021\\\/01\\\/6370NEGR-foto.jpg\",\"contentUrl\":\"https:\\\/\\\/cercomat.com.ar\\\/wp-content\\\/uploads\\\/2021\\\/01\\\/6370NEGR-foto.jpg\",\"width\":720,\"height\":960},{\"@type\":\"BreadcrumbList\",\"@id\":\"https:\\\/\\\/cercomat.com.ar\\\/?product=griferia-cocina-jockey-black-recta-hidromet#breadcrumb\",\"itemListElement\":[{\"@type\":\"ListItem\",\"position\":1,\"name\":\"Portada\",\"item\":\"https:\\\/\\\/cercomat.com.ar\\\/\"},{\"@type\":\"ListItem\",\"position\":2,\"name\":\"Tienda\",\"item\":\"https:\\\/\\\/cercomat.com.ar\\\/?page_id=9\"},{\"@type\":\"ListItem\",\"position\":3,\"name\":\"Grifer\u00eda Cocina Jockey Black Recta Hidromet\"}]},{\"@type\":\"WebSite\",\"@id\":\"https:\\\/\\\/cercomat.com.ar\\\/#website\",\"url\":\"https:\\\/\\\/cercomat.com.ar\\\/\",\"name\":\"CERCOMAT\",\"description\":\"\",\"publisher\":{\"@id\":\"https:\\\/\\\/cercomat.com.ar\\\/#organization\"},\"potentialAction\":[{\"@type\":\"SearchAction\",\"target\":{\"@type\":\"EntryPoint\",\"urlTemplate\":\"https:\\\/\\\/cercomat.com.ar\\\/?s={search_term_string}\"},\"query-input\":{\"@type\":\"PropertyValueSpecification\",\"valueRequired\":true,\"valueName\":\"search_term_string\"}}],\"inLanguage\":\"es\"},{\"@type\":\"Organization\",\"@id\":\"https:\\\/\\\/cercomat.com.ar\\\/#organization\",\"name\":\"CERCOMAT\",\"url\":\"https:\\\/\\\/cercomat.com.ar\\\/\",\"logo\":{\"@type\":\"ImageObject\",\"inLanguage\":\"es\",\"@id\":\"https:\\\/\\\/cercomat.com.ar\\\/#\\\/schema\\\/logo\\\/image\\\/\",\"url\":\"https:\\\/\\\/cercomat.com.ar\\\/wp-content\\\/uploads\\\/2023\\\/04\\\/Instagram-Post-Restaurante-Comida-Negro-Naranja-2.jpg\",\"contentUrl\":\"https:\\\/\\\/cercomat.com.ar\\\/wp-content\\\/uploads\\\/2023\\\/04\\\/Instagram-Post-Restaurante-Comida-Negro-Naranja-2.jpg\",\"width\":1080,\"height\":1080,\"caption\":\"CERCOMAT\"},\"image\":{\"@id\":\"https:\\\/\\\/cercomat.com.ar\\\/#\\\/schema\\\/logo\\\/image\\\/\"}}]}<\/script>\n<!-- \/ Yoast SEO plugin. -->","yoast_head_json":{"title":"Grifer\u00eda Cocina Jockey Black Recta Hidromet - CERCOMAT","description":"Grifer\u00eda Cocina Jockey Black Recta Hidromet Cercomat","robots":{"index":"index","follow":"follow","max-snippet":"max-snippet:-1","max-image-preview":"max-image-preview:large","max-video-preview":"max-video-preview:-1"},"canonical":"https:\/\/cercomat.com.ar\/?product=griferia-cocina-jockey-black-recta-hidromet","og_locale":"es_ES","og_type":"article","og_title":"Grifer\u00eda Cocina Jockey Black Recta Hidromet - CERCOMAT","og_description":"Grifer\u00eda Cocina Jockey Black Recta Hidromet Cercomat","og_url":"https:\/\/cercomat.com.ar\/?product=griferia-cocina-jockey-black-recta-hidromet","og_site_name":"CERCOMAT","article_modified_time":"2023-04-26T12:54:48+00:00","og_image":[{"width":720,"height":960,"url":"https:\/\/cercomat.com.ar\/wp-content\/uploads\/2021\/01\/6370NEGR-foto.jpg","type":"image\/jpeg"}],"twitter_card":"summary_large_image","twitter_misc":{"Tiempo de lectura":"2 minutos"},"schema":{"@context":"https:\/\/schema.org","@graph":[{"@type":"WebPage","@id":"https:\/\/cercomat.com.ar\/?product=griferia-cocina-jockey-black-recta-hidromet","url":"https:\/\/cercomat.com.ar\/?product=griferia-cocina-jockey-black-recta-hidromet","name":"Grifer\u00eda Cocina Jockey Black Recta Hidromet - CERCOMAT","isPartOf":{"@id":"https:\/\/cercomat.com.ar\/#website"},"primaryImageOfPage":{"@id":"https:\/\/cercomat.com.ar\/?product=griferia-cocina-jockey-black-recta-hidromet#primaryimage"},"image":{"@id":"https:\/\/cercomat.com.ar\/?product=griferia-cocina-jockey-black-recta-hidromet#primaryimage"},"thumbnailUrl":"https:\/\/cercomat.com.ar\/wp-content\/uploads\/2021\/01\/6370NEGR-foto.jpg","datePublished":"2021-01-22T14:42:26+00:00","dateModified":"2023-04-26T12:54:48+00:00","description":"Grifer\u00eda Cocina Jockey Black Recta Hidromet Cercomat","breadcrumb":{"@id":"https:\/\/cercomat.com.ar\/?product=griferia-cocina-jockey-black-recta-hidromet#breadcrumb"},"inLanguage":"es","potentialAction":[{"@type":"ReadAction","target":["https:\/\/cercomat.com.ar\/?product=griferia-cocina-jockey-black-recta-hidromet"]}]},{"@type":"ImageObject","inLanguage":"es","@id":"https:\/\/cercomat.com.ar\/?product=griferia-cocina-jockey-black-recta-hidromet#primaryimage","url":"https:\/\/cercomat.com.ar\/wp-content\/uploads\/2021\/01\/6370NEGR-foto.jpg","contentUrl":"https:\/\/cercomat.com.ar\/wp-content\/uploads\/2021\/01\/6370NEGR-foto.jpg","width":720,"height":960},{"@type":"BreadcrumbList","@id":"https:\/\/cercomat.com.ar\/?product=griferia-cocina-jockey-black-recta-hidromet#breadcrumb","itemListElement":[{"@type":"ListItem","position":1,"name":"Portada","item":"https:\/\/cercomat.com.ar\/"},{"@type":"ListItem","position":2,"name":"Tienda","item":"https:\/\/cercomat.com.ar\/?page_id=9"},{"@type":"ListItem","position":3,"name":"Grifer\u00eda Cocina Jockey Black Recta Hidromet"}]},{"@type":"WebSite","@id":"https:\/\/cercomat.com.ar\/#website","url":"https:\/\/cercomat.com.ar\/","name":"CERCOMAT","description":"","publisher":{"@id":"https:\/\/cercomat.com.ar\/#organization"},"potentialAction":[{"@type":"SearchAction","target":{"@type":"EntryPoint","urlTemplate":"https:\/\/cercomat.com.ar\/?s={search_term_string}"},"query-input":{"@type":"PropertyValueSpecification","valueRequired":true,"valueName":"search_term_string"}}],"inLanguage":"es"},{"@type":"Organization","@id":"https:\/\/cercomat.com.ar\/#organization","name":"CERCOMAT","url":"https:\/\/cercomat.com.ar\/","logo":{"@type":"ImageObject","inLanguage":"es","@id":"https:\/\/cercomat.com.ar\/#\/schema\/logo\/image\/","url":"https:\/\/cercomat.com.ar\/wp-content\/uploads\/2023\/04\/Instagram-Post-Restaurante-Comida-Negro-Naranja-2.jpg","contentUrl":"https:\/\/cercomat.com.ar\/wp-content\/uploads\/2023\/04\/Instagram-Post-Restaurante-Comida-Negro-Naranja-2.jpg","width":1080,"height":1080,"caption":"CERCOMAT"},"image":{"@id":"https:\/\/cercomat.com.ar\/#\/schema\/logo\/image\/"}}]}},"_links":{"self":[{"href":"https:\/\/cercomat.com.ar\/index.php?rest_route=\/wp\/v2\/product\/657","targetHints":{"allow":["GET"]}}],"collection":[{"href":"https:\/\/cercomat.com.ar\/index.php?rest_route=\/wp\/v2\/product"}],"about":[{"href":"https:\/\/cercomat.com.ar\/index.php?rest_route=\/wp\/v2\/types\/product"}],"replies":[{"embeddable":true,"href":"https:\/\/cercomat.com.ar\/index.php?rest_route=%2Fwp%2Fv2%2Fcomments&post=657"}],"version-history":[{"count":2,"href":"https:\/\/cercomat.com.ar\/index.php?rest_route=\/wp\/v2\/product\/657\/revisions"}],"predecessor-version":[{"id":1222,"href":"https:\/\/cercomat.com.ar\/index.php?rest_route=\/wp\/v2\/product\/657\/revisions\/1222"}],"wp:featuredmedia":[{"embeddable":true,"href":"https:\/\/cercomat.com.ar\/index.php?rest_route=\/wp\/v2\/media\/658"}],"wp:attachment":[{"href":"https:\/\/cercomat.com.ar\/index.php?rest_route=%2Fwp%2Fv2%2Fmedia&parent=657"}],"wp:term":[{"taxonomy":"product_brand","embeddable":true,"href":"https:\/\/cercomat.com.ar\/index.php?rest_route=%2Fwp%2Fv2%2Fproduct_brand&post=657"},{"taxonomy":"product_cat","embeddable":true,"href":"https:\/\/cercomat.com.ar\/index.php?rest_route=%2Fwp%2Fv2%2Fproduct_cat&post=657"},{"taxonomy":"product_tag","embeddable":true,"href":"https:\/\/cercomat.com.ar\/index.php?rest_route=%2Fwp%2Fv2%2Fproduct_tag&post=657"}],"curies":[{"name":"wp","href":"https:\/\/api.w.org\/{rel}","templated":true}]}}