{"id":3407,"date":"2023-04-11T18:28:43","date_gmt":"2023-04-11T18:28:43","guid":{"rendered":"https:\/\/cercomat.com.ar\/?post_type=product&#038;p=3407"},"modified":"2023-04-11T18:28:45","modified_gmt":"2023-04-11T18:28:45","slug":"griferia-bano-fly-cromo-hidromet-cierre-ceramico","status":"publish","type":"product","link":"https:\/\/cercomat.com.ar\/?product=griferia-bano-fly-cromo-hidromet-cierre-ceramico","title":{"rendered":"Griferia Ba\u00f1o Fly Cromo Hidromet Cierre Ceramico"},"content":{"rendered":"<p>Griferia para ba\u00f1o doble comando marca Hidromet<\/p>\n<p>Incluye: ducha con transferencia, bidet y lavatorio terminaci\u00f3n cromada.<\/p>\n<p>Garantia de f\u00e1brica: 10 a\u00f1os.<\/p>\n","protected":false},"excerpt":{"rendered":"<p>Griferia para ba\u00f1o doble comando marca Hidromet Incluye: ducha con transferencia, bidet y lavatorio terminaci\u00f3n cromada. Garantia de f\u00e1brica: 10&#8230;<\/p>\n","protected":false},"featured_media":3408,"comment_status":"closed","ping_status":"closed","template":"","meta":{"_joinchat":[]},"product_brand":[],"product_cat":[53],"product_tag":[],"class_list":{"0":"post-3407","1":"product","2":"type-product","3":"status-publish","4":"has-post-thumbnail","6":"product_cat-griferia","8":"first","9":"instock","10":"shipping-taxable","11":"product-type-simple"},"yoast_head":"<!-- This site is optimized with the Yoast SEO plugin v27.5 - https:\/\/yoast.com\/product\/yoast-seo-wordpress\/ -->\n<title>Griferia Ba\u00f1o Fly Cromo Hidromet Cierre Ceramico - CERCOMAT<\/title>\n<meta name=\"robots\" content=\"index, follow, max-snippet:-1, max-image-preview:large, max-video-preview:-1\" \/>\n<link rel=\"canonical\" href=\"https:\/\/cercomat.com.ar\/?product=griferia-bano-fly-cromo-hidromet-cierre-ceramico\" \/>\n<meta property=\"og:locale\" content=\"es_ES\" \/>\n<meta property=\"og:type\" content=\"article\" \/>\n<meta property=\"og:title\" content=\"Griferia Ba\u00f1o Fly Cromo Hidromet Cierre Ceramico - CERCOMAT\" \/>\n<meta property=\"og:description\" content=\"Griferia para ba\u00f1o doble comando marca Hidromet Incluye: ducha con transferencia, bidet y lavatorio terminaci\u00f3n cromada. Garantia de f\u00e1brica: 10...\" \/>\n<meta property=\"og:url\" content=\"https:\/\/cercomat.com.ar\/?product=griferia-bano-fly-cromo-hidromet-cierre-ceramico\" \/>\n<meta property=\"og:site_name\" content=\"CERCOMAT\" \/>\n<meta property=\"article:modified_time\" content=\"2023-04-11T18:28:45+00:00\" \/>\n<meta property=\"og:image\" content=\"https:\/\/cercomat.com.ar\/wp-content\/uploads\/2023\/04\/FL1.webp\" \/>\n\t<meta property=\"og:image:width\" content=\"300\" \/>\n\t<meta property=\"og:image:height\" content=\"300\" \/>\n\t<meta property=\"og:image:type\" content=\"image\/webp\" \/>\n<meta name=\"twitter:card\" content=\"summary_large_image\" \/>\n<meta name=\"twitter:label1\" content=\"Tiempo de lectura\" \/>\n\t<meta name=\"twitter:data1\" content=\"1 minuto\" \/>\n<script type=\"application\/ld+json\" class=\"yoast-schema-graph\">{\"@context\":\"https:\\\/\\\/schema.org\",\"@graph\":[{\"@type\":\"WebPage\",\"@id\":\"https:\\\/\\\/cercomat.com.ar\\\/?product=griferia-bano-fly-cromo-hidromet-cierre-ceramico\",\"url\":\"https:\\\/\\\/cercomat.com.ar\\\/?product=griferia-bano-fly-cromo-hidromet-cierre-ceramico\",\"name\":\"Griferia Ba\u00f1o Fly Cromo Hidromet Cierre Ceramico - CERCOMAT\",\"isPartOf\":{\"@id\":\"https:\\\/\\\/cercomat.com.ar\\\/#website\"},\"primaryImageOfPage\":{\"@id\":\"https:\\\/\\\/cercomat.com.ar\\\/?product=griferia-bano-fly-cromo-hidromet-cierre-ceramico#primaryimage\"},\"image\":{\"@id\":\"https:\\\/\\\/cercomat.com.ar\\\/?product=griferia-bano-fly-cromo-hidromet-cierre-ceramico#primaryimage\"},\"thumbnailUrl\":\"https:\\\/\\\/cercomat.com.ar\\\/wp-content\\\/uploads\\\/2023\\\/04\\\/FL1.webp\",\"datePublished\":\"2023-04-11T18:28:43+00:00\",\"dateModified\":\"2023-04-11T18:28:45+00:00\",\"breadcrumb\":{\"@id\":\"https:\\\/\\\/cercomat.com.ar\\\/?product=griferia-bano-fly-cromo-hidromet-cierre-ceramico#breadcrumb\"},\"inLanguage\":\"es\",\"potentialAction\":[{\"@type\":\"ReadAction\",\"target\":[\"https:\\\/\\\/cercomat.com.ar\\\/?product=griferia-bano-fly-cromo-hidromet-cierre-ceramico\"]}]},{\"@type\":\"ImageObject\",\"inLanguage\":\"es\",\"@id\":\"https:\\\/\\\/cercomat.com.ar\\\/?product=griferia-bano-fly-cromo-hidromet-cierre-ceramico#primaryimage\",\"url\":\"https:\\\/\\\/cercomat.com.ar\\\/wp-content\\\/uploads\\\/2023\\\/04\\\/FL1.webp\",\"contentUrl\":\"https:\\\/\\\/cercomat.com.ar\\\/wp-content\\\/uploads\\\/2023\\\/04\\\/FL1.webp\",\"width\":300,\"height\":300},{\"@type\":\"BreadcrumbList\",\"@id\":\"https:\\\/\\\/cercomat.com.ar\\\/?product=griferia-bano-fly-cromo-hidromet-cierre-ceramico#breadcrumb\",\"itemListElement\":[{\"@type\":\"ListItem\",\"position\":1,\"name\":\"Portada\",\"item\":\"https:\\\/\\\/cercomat.com.ar\\\/\"},{\"@type\":\"ListItem\",\"position\":2,\"name\":\"Tienda\",\"item\":\"https:\\\/\\\/cercomat.com.ar\\\/?page_id=9\"},{\"@type\":\"ListItem\",\"position\":3,\"name\":\"Griferia Ba\u00f1o Fly Cromo Hidromet Cierre Ceramico\"}]},{\"@type\":\"WebSite\",\"@id\":\"https:\\\/\\\/cercomat.com.ar\\\/#website\",\"url\":\"https:\\\/\\\/cercomat.com.ar\\\/\",\"name\":\"CERCOMAT\",\"description\":\"\",\"publisher\":{\"@id\":\"https:\\\/\\\/cercomat.com.ar\\\/#organization\"},\"potentialAction\":[{\"@type\":\"SearchAction\",\"target\":{\"@type\":\"EntryPoint\",\"urlTemplate\":\"https:\\\/\\\/cercomat.com.ar\\\/?s={search_term_string}\"},\"query-input\":{\"@type\":\"PropertyValueSpecification\",\"valueRequired\":true,\"valueName\":\"search_term_string\"}}],\"inLanguage\":\"es\"},{\"@type\":\"Organization\",\"@id\":\"https:\\\/\\\/cercomat.com.ar\\\/#organization\",\"name\":\"CERCOMAT\",\"url\":\"https:\\\/\\\/cercomat.com.ar\\\/\",\"logo\":{\"@type\":\"ImageObject\",\"inLanguage\":\"es\",\"@id\":\"https:\\\/\\\/cercomat.com.ar\\\/#\\\/schema\\\/logo\\\/image\\\/\",\"url\":\"https:\\\/\\\/cercomat.com.ar\\\/wp-content\\\/uploads\\\/2023\\\/04\\\/Instagram-Post-Restaurante-Comida-Negro-Naranja-2.jpg\",\"contentUrl\":\"https:\\\/\\\/cercomat.com.ar\\\/wp-content\\\/uploads\\\/2023\\\/04\\\/Instagram-Post-Restaurante-Comida-Negro-Naranja-2.jpg\",\"width\":1080,\"height\":1080,\"caption\":\"CERCOMAT\"},\"image\":{\"@id\":\"https:\\\/\\\/cercomat.com.ar\\\/#\\\/schema\\\/logo\\\/image\\\/\"}}]}<\/script>\n<!-- \/ Yoast SEO plugin. -->","yoast_head_json":{"title":"Griferia Ba\u00f1o Fly Cromo Hidromet Cierre Ceramico - CERCOMAT","robots":{"index":"index","follow":"follow","max-snippet":"max-snippet:-1","max-image-preview":"max-image-preview:large","max-video-preview":"max-video-preview:-1"},"canonical":"https:\/\/cercomat.com.ar\/?product=griferia-bano-fly-cromo-hidromet-cierre-ceramico","og_locale":"es_ES","og_type":"article","og_title":"Griferia Ba\u00f1o Fly Cromo Hidromet Cierre Ceramico - CERCOMAT","og_description":"Griferia para ba\u00f1o doble comando marca Hidromet Incluye: ducha con transferencia, bidet y lavatorio terminaci\u00f3n cromada. Garantia de f\u00e1brica: 10...","og_url":"https:\/\/cercomat.com.ar\/?product=griferia-bano-fly-cromo-hidromet-cierre-ceramico","og_site_name":"CERCOMAT","article_modified_time":"2023-04-11T18:28:45+00:00","og_image":[{"width":300,"height":300,"url":"https:\/\/cercomat.com.ar\/wp-content\/uploads\/2023\/04\/FL1.webp","type":"image\/webp"}],"twitter_card":"summary_large_image","twitter_misc":{"Tiempo de lectura":"1 minuto"},"schema":{"@context":"https:\/\/schema.org","@graph":[{"@type":"WebPage","@id":"https:\/\/cercomat.com.ar\/?product=griferia-bano-fly-cromo-hidromet-cierre-ceramico","url":"https:\/\/cercomat.com.ar\/?product=griferia-bano-fly-cromo-hidromet-cierre-ceramico","name":"Griferia Ba\u00f1o Fly Cromo Hidromet Cierre Ceramico - CERCOMAT","isPartOf":{"@id":"https:\/\/cercomat.com.ar\/#website"},"primaryImageOfPage":{"@id":"https:\/\/cercomat.com.ar\/?product=griferia-bano-fly-cromo-hidromet-cierre-ceramico#primaryimage"},"image":{"@id":"https:\/\/cercomat.com.ar\/?product=griferia-bano-fly-cromo-hidromet-cierre-ceramico#primaryimage"},"thumbnailUrl":"https:\/\/cercomat.com.ar\/wp-content\/uploads\/2023\/04\/FL1.webp","datePublished":"2023-04-11T18:28:43+00:00","dateModified":"2023-04-11T18:28:45+00:00","breadcrumb":{"@id":"https:\/\/cercomat.com.ar\/?product=griferia-bano-fly-cromo-hidromet-cierre-ceramico#breadcrumb"},"inLanguage":"es","potentialAction":[{"@type":"ReadAction","target":["https:\/\/cercomat.com.ar\/?product=griferia-bano-fly-cromo-hidromet-cierre-ceramico"]}]},{"@type":"ImageObject","inLanguage":"es","@id":"https:\/\/cercomat.com.ar\/?product=griferia-bano-fly-cromo-hidromet-cierre-ceramico#primaryimage","url":"https:\/\/cercomat.com.ar\/wp-content\/uploads\/2023\/04\/FL1.webp","contentUrl":"https:\/\/cercomat.com.ar\/wp-content\/uploads\/2023\/04\/FL1.webp","width":300,"height":300},{"@type":"BreadcrumbList","@id":"https:\/\/cercomat.com.ar\/?product=griferia-bano-fly-cromo-hidromet-cierre-ceramico#breadcrumb","itemListElement":[{"@type":"ListItem","position":1,"name":"Portada","item":"https:\/\/cercomat.com.ar\/"},{"@type":"ListItem","position":2,"name":"Tienda","item":"https:\/\/cercomat.com.ar\/?page_id=9"},{"@type":"ListItem","position":3,"name":"Griferia Ba\u00f1o Fly Cromo Hidromet Cierre Ceramico"}]},{"@type":"WebSite","@id":"https:\/\/cercomat.com.ar\/#website","url":"https:\/\/cercomat.com.ar\/","name":"CERCOMAT","description":"","publisher":{"@id":"https:\/\/cercomat.com.ar\/#organization"},"potentialAction":[{"@type":"SearchAction","target":{"@type":"EntryPoint","urlTemplate":"https:\/\/cercomat.com.ar\/?s={search_term_string}"},"query-input":{"@type":"PropertyValueSpecification","valueRequired":true,"valueName":"search_term_string"}}],"inLanguage":"es"},{"@type":"Organization","@id":"https:\/\/cercomat.com.ar\/#organization","name":"CERCOMAT","url":"https:\/\/cercomat.com.ar\/","logo":{"@type":"ImageObject","inLanguage":"es","@id":"https:\/\/cercomat.com.ar\/#\/schema\/logo\/image\/","url":"https:\/\/cercomat.com.ar\/wp-content\/uploads\/2023\/04\/Instagram-Post-Restaurante-Comida-Negro-Naranja-2.jpg","contentUrl":"https:\/\/cercomat.com.ar\/wp-content\/uploads\/2023\/04\/Instagram-Post-Restaurante-Comida-Negro-Naranja-2.jpg","width":1080,"height":1080,"caption":"CERCOMAT"},"image":{"@id":"https:\/\/cercomat.com.ar\/#\/schema\/logo\/image\/"}}]}},"_links":{"self":[{"href":"https:\/\/cercomat.com.ar\/index.php?rest_route=\/wp\/v2\/product\/3407","targetHints":{"allow":["GET"]}}],"collection":[{"href":"https:\/\/cercomat.com.ar\/index.php?rest_route=\/wp\/v2\/product"}],"about":[{"href":"https:\/\/cercomat.com.ar\/index.php?rest_route=\/wp\/v2\/types\/product"}],"replies":[{"embeddable":true,"href":"https:\/\/cercomat.com.ar\/index.php?rest_route=%2Fwp%2Fv2%2Fcomments&post=3407"}],"version-history":[{"count":1,"href":"https:\/\/cercomat.com.ar\/index.php?rest_route=\/wp\/v2\/product\/3407\/revisions"}],"predecessor-version":[{"id":3409,"href":"https:\/\/cercomat.com.ar\/index.php?rest_route=\/wp\/v2\/product\/3407\/revisions\/3409"}],"wp:featuredmedia":[{"embeddable":true,"href":"https:\/\/cercomat.com.ar\/index.php?rest_route=\/wp\/v2\/media\/3408"}],"wp:attachment":[{"href":"https:\/\/cercomat.com.ar\/index.php?rest_route=%2Fwp%2Fv2%2Fmedia&parent=3407"}],"wp:term":[{"taxonomy":"product_brand","embeddable":true,"href":"https:\/\/cercomat.com.ar\/index.php?rest_route=%2Fwp%2Fv2%2Fproduct_brand&post=3407"},{"taxonomy":"product_cat","embeddable":true,"href":"https:\/\/cercomat.com.ar\/index.php?rest_route=%2Fwp%2Fv2%2Fproduct_cat&post=3407"},{"taxonomy":"product_tag","embeddable":true,"href":"https:\/\/cercomat.com.ar\/index.php?rest_route=%2Fwp%2Fv2%2Fproduct_tag&post=3407"}],"curies":[{"name":"wp","href":"https:\/\/api.w.org\/{rel}","templated":true}]}}