{"id":2837,"date":"2022-02-03T14:24:09","date_gmt":"2022-02-03T14:24:09","guid":{"rendered":"https:\/\/cercomat.com.ar\/?post_type=product&#038;p=2837"},"modified":"2023-08-24T20:22:15","modified_gmt":"2023-08-24T20:22:15","slug":"porcelanato-nordika-brown-natural-20x120-1ra-calidad-vite","status":"publish","type":"product","link":"https:\/\/cercomat.com.ar\/?product=porcelanato-nordika-brown-natural-20x120-1ra-calidad-vite","title":{"rendered":"Porcelanato Nordika Brown Natural 20&#215;120 1ra Calidad Vite"},"content":{"rendered":"<section class=\"ui-view-more vip-section-specs main-section \">\n<h2 class=\"main-section__title\">Caracter\u00edsticas<\/h2>\n<div class=\"specs-wrapper\">\n<section class=\"specs-container specs-primary-specs specs-layout-default u-clearfix\">\n<ul class=\"specs-list specs-list-primary specs-structure-medium\">\n<li class=\"specs-item specs-item-primary\"><strong>Marca\u00a0<\/strong>Vite<\/li>\n<li class=\"specs-item specs-item-primary\"><strong>Modelo <\/strong>Nordika Brown Natural<\/li>\n<li class=\"specs-item specs-item-primary\"><strong>Borde\u00a0<\/strong>Rectificado<\/li>\n<li class=\"specs-item specs-item-primary\"><strong>Ancho <\/strong>20\u00a0cm<\/li>\n<li class=\"specs-item specs-item-primary\"><strong>Largo <\/strong>120\u00a0cm<\/li>\n<li class=\"specs-item specs-item-primary\"><strong>Espesor <\/strong>10\u00a0mm<\/li>\n<\/ul>\n<\/section>\n<section class=\"specs-container specs-secondary-specs specs-layout-default u-clearfix\">\n<ul class=\"specs-list specs-list-secondary specs-structure-xlarge\">\n<li class=\"specs-item specs-item-secondary\"><strong>Uso<\/strong> Piso y Pared<\/li>\n<li class=\"specs-item specs-item-secondary\"><strong>Tipo de calidad <\/strong>Primera\u00a0calidad<\/li>\n<li class=\"specs-item specs-item-secondary\"><strong>Formato<\/strong> Rectangular<\/li>\n<li class=\"specs-item specs-item-secondary\"><strong>Acabado<\/strong> Natural<\/li>\n<li class=\"specs-item specs-item-secondary\"><strong>Textura<\/strong> Relieve<\/li>\n<li class=\"specs-item specs-item-secondary\"><strong>Unidad de venta<\/strong>\u00a0m\u00b2<\/li>\n<li class=\"specs-item specs-item-secondary\"><strong>Rendimiento<\/strong> 1.44 m\u00b2<\/li>\n<\/ul>\n<\/section>\n<\/div>\n<\/section>\n<section class=\"main-section item-description \">\n<h2 class=\"main-section__title item-description__title\">Descripci\u00f3n del producto<\/h2>\n<div id=\"description-includes\" class=\"item-description__content \">\n<div class=\"item-description__text\">\n<p>* PRECIO POR M2, NO CAJA *<br \/>\nRendimiento por caja: 1,44 m2<\/p>\n<p>FORMAS DE PAGO Y FACTURACI\u00d3N:<br \/>\n* Aceptamos efectivo\/ Transferencia\/ Dep\u00f3sito\/ Mercado Pago.<br \/>\n* Realizamos factura \u00abA\u00bb y \u00abB\u00bb de todos nuestros productos.<\/p>\n<p>_____________________________<\/p>\n<p>TIPO DE DESPACHO:<\/p>\n<p>\u2022 Mercado env\u00edos entrega a todo el pa\u00eds (\u00danicamente publicaciones que tengan mercado env\u00edos).<br \/>\n\u2022 Env\u00edos a Domicilio o transportes de CABA y GBA. <span style=\"color: #ff0000;\"><strong>((((((CONSULTAR COSTO DE ENV\u00cdO))))))<\/strong><\/span><br \/>\n\u2022 Para env\u00edos fuera de Buenos Aires. Se realiza a trav\u00e9s de alg\u00fan servicio de transporte \/ expreso, en Capital Federal, contratado a cargo del cliente. Realiz\u00e1 la consulta para que podamos cotizarte el env\u00edo y embalaje adicional hasta el transporte que nos indiques. No nos responsabilizamos por ning\u00fan desperfecto o rotura que pudiese surgir por el transporte de materiales delicados.<\/p>\n<p>RETIRA EN SUCURSAL<\/p>\n<p>\u2022 Los Polvorines: Retiro inmediato en caso de poseer stock del material, con aviso previo a nuestro personal por mail o tel\u00e9fono. Lunes a viernes de 8 a 12 y de 14.30 a 17.30 hs. S\u00e1bados: 8 a 12.30 hs.<\/p>\n<p>_______________________________________<\/p>\n<p>CAMBIOS\/RECLAMOS<\/p>\n<p>\u2022 Es necesario para la devoluci\u00f3n\/cambio que el\/los productos est\u00e9n sin uso, en perfectas condiciones. Se deber\u00e1 conservar la factura y\/o remito de entrega. Los productos que hayan sido instalados correr\u00e1n con la garant\u00eda del fabricante.<br \/>\n\u2022 En caso que anule la compra ya despachada deber\u00e1 abonar el costo de env\u00edo.<\/p>\n<p>__________________________________<\/p>\n<p>CONSIDERACIONES GENERALES<\/p>\n<p>\u2022 Revise los productos antes de firmar el remito de entrega. Una vez firmado, no se aceptan reclamos por cajas rotas o faltantes.<br \/>\n\u2022 Recuerde que las entregas a domicilio se realizan siempre a pie de cami\u00f3n, Usted deber\u00e1 contar con personal para la descarga del material.<br \/>\n\u2022 No nos hacemos responsables de las roturas ocasionadas durante los env\u00edos por medio del correo OCA \/ ANDREANI \/ OCASA \/ CORREO ARGENTINO, encomiendas o transportes expresos. Queda a cargo del comprador contratar o no los seguros que \u00e9stas empresas ofrecen.<\/p>\n<p>_______________________________________<\/p>\n<p>NUESTRAS MARCAS<\/p>\n<p>* CERAMICOS Y PORCELANATOS: Alberdi \/ Allpa \/ Lourdes \/ San Pietro \/ Maja \/ Vite<br \/>\n* ACCESORIOS: Cer\u00e1mica Piu \/ Maja<br \/>\n* SANITARIOS: Roca<br \/>\n* GRIFERIAS: Hidromet<br \/>\n* ADHESIVOS: Mapei<\/p>\n<p>TRABAJAMOS CON 1RA Y 2DA CALIDAD EN PORCELANATOS Y CER\u00c1MICOS<\/p>\n<\/div>\n<\/div>\n<\/section>\n","protected":false},"excerpt":{"rendered":"<p>Caracter\u00edsticas Marca\u00a0Vite Modelo Nordika Brown Natural Borde\u00a0Rectificado Ancho 20\u00a0cm Largo 120\u00a0cm Espesor 10\u00a0mm Uso Piso y Pared Tipo de calidad&#8230;<\/p>\n","protected":false},"featured_media":3495,"comment_status":"closed","ping_status":"closed","template":"","meta":{"_joinchat":[]},"product_brand":[],"product_cat":[23,62,36,34,33,17,65],"product_tag":[],"class_list":{"0":"post-2837","1":"product","2":"type-product","3":"status-publish","4":"has-post-thumbnail","6":"product_cat-1-calidad","7":"product_cat-20x120","8":"product_cat-marca","9":"product_cat-pared-porcelanato","10":"product_cat-piso-porcelanato","11":"product_cat-porcelanato","12":"product_cat-vite","14":"first","15":"instock","16":"shipping-taxable","17":"product-type-simple"},"yoast_head":"<!-- This site is optimized with the Yoast SEO plugin v27.4 - https:\/\/yoast.com\/product\/yoast-seo-wordpress\/ -->\n<title>Porcelanato Nordika Brown Natural 20x120 1ra Calidad Vite - CERCOMAT<\/title>\n<meta name=\"description\" content=\"Porcelanato Nordika Brown Natural 20x120 1ra Calidad Vite Cercomat Av Sesquicentenario 164 Los Polvorines simil madera marron, uso para pared y piso\" \/>\n<meta name=\"robots\" content=\"index, follow, max-snippet:-1, max-image-preview:large, max-video-preview:-1\" \/>\n<link rel=\"canonical\" href=\"https:\/\/cercomat.com.ar\/?product=porcelanato-nordika-brown-natural-20x120-1ra-calidad-vite\" \/>\n<meta property=\"og:locale\" content=\"es_ES\" \/>\n<meta property=\"og:type\" content=\"article\" \/>\n<meta property=\"og:title\" content=\"Porcelanato Nordika Brown Natural 20x120 1ra Calidad Vite - CERCOMAT\" \/>\n<meta property=\"og:description\" content=\"Porcelanato Nordika Brown Natural 20x120 1ra Calidad Vite Cercomat Av Sesquicentenario 164 Los Polvorines simil madera marron, uso para pared y piso\" \/>\n<meta property=\"og:url\" content=\"https:\/\/cercomat.com.ar\/?product=porcelanato-nordika-brown-natural-20x120-1ra-calidad-vite\" \/>\n<meta property=\"og:site_name\" content=\"CERCOMAT\" \/>\n<meta property=\"article:modified_time\" content=\"2023-08-24T20:22:15+00:00\" \/>\n<meta property=\"og:image\" content=\"https:\/\/cercomat.com.ar\/wp-content\/uploads\/2022\/02\/nordika-brown.jpg\" \/>\n\t<meta property=\"og:image:width\" content=\"500\" \/>\n\t<meta property=\"og:image:height\" content=\"500\" \/>\n\t<meta property=\"og:image:type\" content=\"image\/jpeg\" \/>\n<meta name=\"twitter:card\" content=\"summary_large_image\" \/>\n<meta name=\"twitter:label1\" content=\"Tiempo de lectura\" \/>\n\t<meta name=\"twitter:data1\" content=\"2 minutos\" \/>\n<script type=\"application\/ld+json\" class=\"yoast-schema-graph\">{\"@context\":\"https:\\\/\\\/schema.org\",\"@graph\":[{\"@type\":\"WebPage\",\"@id\":\"https:\\\/\\\/cercomat.com.ar\\\/?product=porcelanato-nordika-brown-natural-20x120-1ra-calidad-vite\",\"url\":\"https:\\\/\\\/cercomat.com.ar\\\/?product=porcelanato-nordika-brown-natural-20x120-1ra-calidad-vite\",\"name\":\"Porcelanato Nordika Brown Natural 20x120 1ra Calidad Vite - CERCOMAT\",\"isPartOf\":{\"@id\":\"https:\\\/\\\/cercomat.com.ar\\\/#website\"},\"primaryImageOfPage\":{\"@id\":\"https:\\\/\\\/cercomat.com.ar\\\/?product=porcelanato-nordika-brown-natural-20x120-1ra-calidad-vite#primaryimage\"},\"image\":{\"@id\":\"https:\\\/\\\/cercomat.com.ar\\\/?product=porcelanato-nordika-brown-natural-20x120-1ra-calidad-vite#primaryimage\"},\"thumbnailUrl\":\"https:\\\/\\\/cercomat.com.ar\\\/wp-content\\\/uploads\\\/2022\\\/02\\\/nordika-brown.jpg\",\"datePublished\":\"2022-02-03T14:24:09+00:00\",\"dateModified\":\"2023-08-24T20:22:15+00:00\",\"description\":\"Porcelanato Nordika Brown Natural 20x120 1ra Calidad Vite Cercomat Av Sesquicentenario 164 Los Polvorines simil madera marron, uso para pared y piso\",\"breadcrumb\":{\"@id\":\"https:\\\/\\\/cercomat.com.ar\\\/?product=porcelanato-nordika-brown-natural-20x120-1ra-calidad-vite#breadcrumb\"},\"inLanguage\":\"es\",\"potentialAction\":[{\"@type\":\"ReadAction\",\"target\":[\"https:\\\/\\\/cercomat.com.ar\\\/?product=porcelanato-nordika-brown-natural-20x120-1ra-calidad-vite\"]}]},{\"@type\":\"ImageObject\",\"inLanguage\":\"es\",\"@id\":\"https:\\\/\\\/cercomat.com.ar\\\/?product=porcelanato-nordika-brown-natural-20x120-1ra-calidad-vite#primaryimage\",\"url\":\"https:\\\/\\\/cercomat.com.ar\\\/wp-content\\\/uploads\\\/2022\\\/02\\\/nordika-brown.jpg\",\"contentUrl\":\"https:\\\/\\\/cercomat.com.ar\\\/wp-content\\\/uploads\\\/2022\\\/02\\\/nordika-brown.jpg\",\"width\":500,\"height\":500},{\"@type\":\"BreadcrumbList\",\"@id\":\"https:\\\/\\\/cercomat.com.ar\\\/?product=porcelanato-nordika-brown-natural-20x120-1ra-calidad-vite#breadcrumb\",\"itemListElement\":[{\"@type\":\"ListItem\",\"position\":1,\"name\":\"Portada\",\"item\":\"https:\\\/\\\/cercomat.com.ar\\\/\"},{\"@type\":\"ListItem\",\"position\":2,\"name\":\"Tienda\",\"item\":\"https:\\\/\\\/cercomat.com.ar\\\/?page_id=9\"},{\"@type\":\"ListItem\",\"position\":3,\"name\":\"Porcelanato Nordika Brown Natural 20&#215;120 1ra Calidad Vite\"}]},{\"@type\":\"WebSite\",\"@id\":\"https:\\\/\\\/cercomat.com.ar\\\/#website\",\"url\":\"https:\\\/\\\/cercomat.com.ar\\\/\",\"name\":\"CERCOMAT\",\"description\":\"\",\"publisher\":{\"@id\":\"https:\\\/\\\/cercomat.com.ar\\\/#organization\"},\"potentialAction\":[{\"@type\":\"SearchAction\",\"target\":{\"@type\":\"EntryPoint\",\"urlTemplate\":\"https:\\\/\\\/cercomat.com.ar\\\/?s={search_term_string}\"},\"query-input\":{\"@type\":\"PropertyValueSpecification\",\"valueRequired\":true,\"valueName\":\"search_term_string\"}}],\"inLanguage\":\"es\"},{\"@type\":\"Organization\",\"@id\":\"https:\\\/\\\/cercomat.com.ar\\\/#organization\",\"name\":\"CERCOMAT\",\"url\":\"https:\\\/\\\/cercomat.com.ar\\\/\",\"logo\":{\"@type\":\"ImageObject\",\"inLanguage\":\"es\",\"@id\":\"https:\\\/\\\/cercomat.com.ar\\\/#\\\/schema\\\/logo\\\/image\\\/\",\"url\":\"https:\\\/\\\/cercomat.com.ar\\\/wp-content\\\/uploads\\\/2023\\\/04\\\/Instagram-Post-Restaurante-Comida-Negro-Naranja-2.jpg\",\"contentUrl\":\"https:\\\/\\\/cercomat.com.ar\\\/wp-content\\\/uploads\\\/2023\\\/04\\\/Instagram-Post-Restaurante-Comida-Negro-Naranja-2.jpg\",\"width\":1080,\"height\":1080,\"caption\":\"CERCOMAT\"},\"image\":{\"@id\":\"https:\\\/\\\/cercomat.com.ar\\\/#\\\/schema\\\/logo\\\/image\\\/\"}}]}<\/script>\n<!-- \/ Yoast SEO plugin. -->","yoast_head_json":{"title":"Porcelanato Nordika Brown Natural 20x120 1ra Calidad Vite - CERCOMAT","description":"Porcelanato Nordika Brown Natural 20x120 1ra Calidad Vite Cercomat Av Sesquicentenario 164 Los Polvorines simil madera marron, uso para pared y piso","robots":{"index":"index","follow":"follow","max-snippet":"max-snippet:-1","max-image-preview":"max-image-preview:large","max-video-preview":"max-video-preview:-1"},"canonical":"https:\/\/cercomat.com.ar\/?product=porcelanato-nordika-brown-natural-20x120-1ra-calidad-vite","og_locale":"es_ES","og_type":"article","og_title":"Porcelanato Nordika Brown Natural 20x120 1ra Calidad Vite - CERCOMAT","og_description":"Porcelanato Nordika Brown Natural 20x120 1ra Calidad Vite Cercomat Av Sesquicentenario 164 Los Polvorines simil madera marron, uso para pared y piso","og_url":"https:\/\/cercomat.com.ar\/?product=porcelanato-nordika-brown-natural-20x120-1ra-calidad-vite","og_site_name":"CERCOMAT","article_modified_time":"2023-08-24T20:22:15+00:00","og_image":[{"width":500,"height":500,"url":"https:\/\/cercomat.com.ar\/wp-content\/uploads\/2022\/02\/nordika-brown.jpg","type":"image\/jpeg"}],"twitter_card":"summary_large_image","twitter_misc":{"Tiempo de lectura":"2 minutos"},"schema":{"@context":"https:\/\/schema.org","@graph":[{"@type":"WebPage","@id":"https:\/\/cercomat.com.ar\/?product=porcelanato-nordika-brown-natural-20x120-1ra-calidad-vite","url":"https:\/\/cercomat.com.ar\/?product=porcelanato-nordika-brown-natural-20x120-1ra-calidad-vite","name":"Porcelanato Nordika Brown Natural 20x120 1ra Calidad Vite - CERCOMAT","isPartOf":{"@id":"https:\/\/cercomat.com.ar\/#website"},"primaryImageOfPage":{"@id":"https:\/\/cercomat.com.ar\/?product=porcelanato-nordika-brown-natural-20x120-1ra-calidad-vite#primaryimage"},"image":{"@id":"https:\/\/cercomat.com.ar\/?product=porcelanato-nordika-brown-natural-20x120-1ra-calidad-vite#primaryimage"},"thumbnailUrl":"https:\/\/cercomat.com.ar\/wp-content\/uploads\/2022\/02\/nordika-brown.jpg","datePublished":"2022-02-03T14:24:09+00:00","dateModified":"2023-08-24T20:22:15+00:00","description":"Porcelanato Nordika Brown Natural 20x120 1ra Calidad Vite Cercomat Av Sesquicentenario 164 Los Polvorines simil madera marron, uso para pared y piso","breadcrumb":{"@id":"https:\/\/cercomat.com.ar\/?product=porcelanato-nordika-brown-natural-20x120-1ra-calidad-vite#breadcrumb"},"inLanguage":"es","potentialAction":[{"@type":"ReadAction","target":["https:\/\/cercomat.com.ar\/?product=porcelanato-nordika-brown-natural-20x120-1ra-calidad-vite"]}]},{"@type":"ImageObject","inLanguage":"es","@id":"https:\/\/cercomat.com.ar\/?product=porcelanato-nordika-brown-natural-20x120-1ra-calidad-vite#primaryimage","url":"https:\/\/cercomat.com.ar\/wp-content\/uploads\/2022\/02\/nordika-brown.jpg","contentUrl":"https:\/\/cercomat.com.ar\/wp-content\/uploads\/2022\/02\/nordika-brown.jpg","width":500,"height":500},{"@type":"BreadcrumbList","@id":"https:\/\/cercomat.com.ar\/?product=porcelanato-nordika-brown-natural-20x120-1ra-calidad-vite#breadcrumb","itemListElement":[{"@type":"ListItem","position":1,"name":"Portada","item":"https:\/\/cercomat.com.ar\/"},{"@type":"ListItem","position":2,"name":"Tienda","item":"https:\/\/cercomat.com.ar\/?page_id=9"},{"@type":"ListItem","position":3,"name":"Porcelanato Nordika Brown Natural 20&#215;120 1ra Calidad Vite"}]},{"@type":"WebSite","@id":"https:\/\/cercomat.com.ar\/#website","url":"https:\/\/cercomat.com.ar\/","name":"CERCOMAT","description":"","publisher":{"@id":"https:\/\/cercomat.com.ar\/#organization"},"potentialAction":[{"@type":"SearchAction","target":{"@type":"EntryPoint","urlTemplate":"https:\/\/cercomat.com.ar\/?s={search_term_string}"},"query-input":{"@type":"PropertyValueSpecification","valueRequired":true,"valueName":"search_term_string"}}],"inLanguage":"es"},{"@type":"Organization","@id":"https:\/\/cercomat.com.ar\/#organization","name":"CERCOMAT","url":"https:\/\/cercomat.com.ar\/","logo":{"@type":"ImageObject","inLanguage":"es","@id":"https:\/\/cercomat.com.ar\/#\/schema\/logo\/image\/","url":"https:\/\/cercomat.com.ar\/wp-content\/uploads\/2023\/04\/Instagram-Post-Restaurante-Comida-Negro-Naranja-2.jpg","contentUrl":"https:\/\/cercomat.com.ar\/wp-content\/uploads\/2023\/04\/Instagram-Post-Restaurante-Comida-Negro-Naranja-2.jpg","width":1080,"height":1080,"caption":"CERCOMAT"},"image":{"@id":"https:\/\/cercomat.com.ar\/#\/schema\/logo\/image\/"}}]}},"_links":{"self":[{"href":"https:\/\/cercomat.com.ar\/index.php?rest_route=\/wp\/v2\/product\/2837","targetHints":{"allow":["GET"]}}],"collection":[{"href":"https:\/\/cercomat.com.ar\/index.php?rest_route=\/wp\/v2\/product"}],"about":[{"href":"https:\/\/cercomat.com.ar\/index.php?rest_route=\/wp\/v2\/types\/product"}],"replies":[{"embeddable":true,"href":"https:\/\/cercomat.com.ar\/index.php?rest_route=%2Fwp%2Fv2%2Fcomments&post=2837"}],"version-history":[{"count":5,"href":"https:\/\/cercomat.com.ar\/index.php?rest_route=\/wp\/v2\/product\/2837\/revisions"}],"predecessor-version":[{"id":3496,"href":"https:\/\/cercomat.com.ar\/index.php?rest_route=\/wp\/v2\/product\/2837\/revisions\/3496"}],"wp:featuredmedia":[{"embeddable":true,"href":"https:\/\/cercomat.com.ar\/index.php?rest_route=\/wp\/v2\/media\/3495"}],"wp:attachment":[{"href":"https:\/\/cercomat.com.ar\/index.php?rest_route=%2Fwp%2Fv2%2Fmedia&parent=2837"}],"wp:term":[{"taxonomy":"product_brand","embeddable":true,"href":"https:\/\/cercomat.com.ar\/index.php?rest_route=%2Fwp%2Fv2%2Fproduct_brand&post=2837"},{"taxonomy":"product_cat","embeddable":true,"href":"https:\/\/cercomat.com.ar\/index.php?rest_route=%2Fwp%2Fv2%2Fproduct_cat&post=2837"},{"taxonomy":"product_tag","embeddable":true,"href":"https:\/\/cercomat.com.ar\/index.php?rest_route=%2Fwp%2Fv2%2Fproduct_tag&post=2837"}],"curies":[{"name":"wp","href":"https:\/\/api.w.org\/{rel}","templated":true}]}}